{"id":261,"date":"2021-12-16T07:58:12","date_gmt":"2021-12-16T06:58:12","guid":{"rendered":"https:\/\/procurementsummit.de\/booking\/?post_type=product&#038;p=261"},"modified":"2025-07-02T11:17:31","modified_gmt":"2025-07-02T09:17:31","slug":"eisbar","status":"publish","type":"product","link":"https:\/\/procurementsummit.eu\/booking\/shop\/eisbar\/","title":{"rendered":"Eisbar"},"content":{"rendered":"<p>Generiert herausragende Sichtbarkeit und Kontaktm\u00f6glichkeiten in unserem Messebereich mit unserer Eisbar.<br \/>\nWir stellen Euch die zus\u00e4tzliche Fl\u00e4che (6qm), das Equipment und Euer individuelles Branding zur Verf\u00fcgung.<\/p>\n<p>W\u00e4hlt aus verschiedenen Eissorten die passenden Sorten gem\u00e4\u00df Eurer CI aus.<\/p>\n<p>Standpersonal ist mit inbegriffen.<\/p>\n","protected":false},"excerpt":{"rendered":"<p>Generiert herausragende Sichtbarkeit und Kontaktm\u00f6glichkeiten in unserem Messebereich mit unserer Eisbar. Wir stellen Euch die zus\u00e4tzliche Fl\u00e4che (6qm), das Equipment und Euer individuelles Branding zur Verf\u00fcgung. W\u00e4hlt aus verschiedenen Eissorten die passenden Sorten gem\u00e4\u00df Eurer CI aus. Standpersonal ist mit inbegriffen.<\/p>\n","protected":false},"featured_media":269,"comment_status":"open","ping_status":"closed","template":"","meta":[],"product_brand":[],"product_cat":[17],"product_tag":[],"class_list":{"0":"post-261","1":"product","2":"type-product","3":"status-publish","4":"has-post-thumbnail","6":"product_cat-branding","7":"entry","9":"first","10":"outofstock","11":"sold-individually","12":"taxable","13":"shipping-taxable","14":"purchasable","15":"product-type-simple"},"_links":{"self":[{"href":"https:\/\/procurementsummit.eu\/booking\/wp-json\/wp\/v2\/product\/261","targetHints":{"allow":["GET"]}}],"collection":[{"href":"https:\/\/procurementsummit.eu\/booking\/wp-json\/wp\/v2\/product"}],"about":[{"href":"https:\/\/procurementsummit.eu\/booking\/wp-json\/wp\/v2\/types\/product"}],"replies":[{"embeddable":true,"href":"https:\/\/procurementsummit.eu\/booking\/wp-json\/wp\/v2\/comments?post=261"}],"wp:featuredmedia":[{"embeddable":true,"href":"https:\/\/procurementsummit.eu\/booking\/wp-json\/wp\/v2\/media\/269"}],"wp:attachment":[{"href":"https:\/\/procurementsummit.eu\/booking\/wp-json\/wp\/v2\/media?parent=261"}],"wp:term":[{"taxonomy":"product_brand","embeddable":true,"href":"https:\/\/procurementsummit.eu\/booking\/wp-json\/wp\/v2\/product_brand?post=261"},{"taxonomy":"product_cat","embeddable":true,"href":"https:\/\/procurementsummit.eu\/booking\/wp-json\/wp\/v2\/product_cat?post=261"},{"taxonomy":"product_tag","embeddable":true,"href":"https:\/\/procurementsummit.eu\/booking\/wp-json\/wp\/v2\/product_tag?post=261"}],"curies":[{"name":"wp","href":"https:\/\/api.w.org\/{rel}","templated":true}]}}